{"id":298,"date":"2016-04-11T20:05:57","date_gmt":"2016-04-11T18:05:57","guid":{"rendered":"https:\/\/oceanwp.org\/store\/?page_id=298"},"modified":"2019-09-19T10:52:35","modified_gmt":"2019-09-19T08:52:35","slug":"kontakt","status":"publish","type":"page","link":"https:\/\/monterm.pl\/sklep\/kontakt\/","title":{"rendered":"Kontakt"},"content":{"rendered":"\t\t<div data-elementor-type=\"wp-page\" data-elementor-id=\"298\" class=\"elementor elementor-298\">\n\t\t\t\t\t\t<div class=\"elementor-inner\">\n\t\t\t\t<div class=\"elementor-section-wrap\">\n\t\t\t\t\t\t\t\t\t<section class=\"elementor-section elementor-top-section elementor-element elementor-element-68ae4f7b elementor-section-full_width elementor-section-height-default elementor-section-height-default\" data-id=\"68ae4f7b\" data-element_type=\"section\">\n\t\t\t\t\t\t<div class=\"elementor-container elementor-column-gap-no\">\n\t\t\t\t\t\t\t<div class=\"elementor-row\">\n\t\t\t\t\t<div class=\"elementor-column elementor-col-100 elementor-top-column elementor-element elementor-element-1637f13a\" data-id=\"1637f13a\" data-element_type=\"column\">\n\t\t\t<div class=\"elementor-column-wrap elementor-element-populated\">\n\t\t\t\t\t\t\t<div class=\"elementor-widget-wrap\">\n\t\t\t\t\t\t<div class=\"elementor-element elementor-element-34e8402 elementor-widget elementor-widget-eb-google-map-extended\" data-id=\"34e8402\" data-element_type=\"widget\" data-widget_type=\"eb-google-map-extended.default\">\n\t\t\t\t<div class=\"elementor-widget-container\">\n\t\t\t\t\t<div id=\"eb-map-34e8402\" class=\"eb-map\" data-eb-map-gesture-handling=\"auto\"  data-eb-map-zoom-control=\"true\" data-eb-map-zoom-control-position=\"RIGHT_BOTTOM\"  data-eb-map-defaultui=\"false\" data-eb-map-style=\"\" data-eb-map-type=\"roadmap\"  data-eb-map-type-control=\"false\"  data-eb-map-streetview-control=\"false\" data-eb-map-lat=\"49.9571759\" data-eb-map-lng=\"20.83782700000006\" data-eb-map-zoom=\"15\" data-eb-map-infowindow-width=\"250\" data-eb-locations='[{\"lat\":\"49.9571759\",\"lng\":\"20.83782700000006\",\"title\":\"MONTERM \",\"content\":\"Technika Grzewcza i Sanitarna Krzysztof Sak\\u0142ak, Czes\\u0142aw Sak\\u0142ak Sp\\u00f3\\u0142ka Jawna\",\"pin_icon\":\"\"}]'><\/div>\n\n\t\t\t<\/div>\n\t\t\t\t<\/div>\n\t\t\t\t<section class=\"elementor-section elementor-inner-section elementor-element elementor-element-653a499a elementor-section-content-top elementor-section-boxed elementor-section-height-default elementor-section-height-default\" data-id=\"653a499a\" data-element_type=\"section\">\n\t\t\t\t\t\t<div class=\"elementor-container elementor-column-gap-no\">\n\t\t\t\t\t\t\t<div class=\"elementor-row\">\n\t\t\t\t\t<div class=\"elementor-column elementor-col-33 elementor-inner-column elementor-element elementor-element-52c82786\" data-id=\"52c82786\" data-element_type=\"column\">\n\t\t\t<div class=\"elementor-column-wrap elementor-element-populated\">\n\t\t\t\t\t\t\t<div class=\"elementor-widget-wrap\">\n\t\t\t\t\t\t<div class=\"elementor-element elementor-element-481c1a80 elementor-widget elementor-widget-heading\" data-id=\"481c1a80\" data-element_type=\"widget\" data-widget_type=\"heading.default\">\n\t\t\t\t<div class=\"elementor-widget-container\">\n\t\t\t<h6 class=\"elementor-heading-title elementor-size-default\">Dane firmy<\/h6>\t\t<\/div>\n\t\t\t\t<\/div>\n\t\t\t\t<div class=\"elementor-element elementor-element-2c2ebf35 elementor-widget elementor-widget-text-editor\" data-id=\"2c2ebf35\" data-element_type=\"widget\" data-widget_type=\"text-editor.default\">\n\t\t\t\t<div class=\"elementor-widget-container\">\n\t\t\t\t\t\t\t\t<div class=\"elementor-text-editor elementor-clearfix\">\n\t\t\t\t<p><a><b>Firma Handlowo-Us\u0142ugowa Wod.-Kan.-C.O. i Gaz Krzysztof Sak\u0142ak<\/b><br \/>Jagiello\u0144ska 2 32-830 Wojnicz <\/a><\/p><p><a><strong>NIP<\/strong> 873-100-95-05<\/a><br \/><a><strong>REGON<\/strong> 850124988<\/a><\/p>\t\t\t\t\t<\/div>\n\t\t\t\t\t\t<\/div>\n\t\t\t\t<\/div>\n\t\t\t\t\t\t<\/div>\n\t\t\t\t\t<\/div>\n\t\t<\/div>\n\t\t\t\t<div class=\"elementor-column elementor-col-33 elementor-inner-column elementor-element elementor-element-31293203\" data-id=\"31293203\" data-element_type=\"column\">\n\t\t\t<div class=\"elementor-column-wrap elementor-element-populated\">\n\t\t\t\t\t\t\t<div class=\"elementor-widget-wrap\">\n\t\t\t\t\t\t<div class=\"elementor-element elementor-element-50bf1fda elementor-widget elementor-widget-heading\" data-id=\"50bf1fda\" data-element_type=\"widget\" data-widget_type=\"heading.default\">\n\t\t\t\t<div class=\"elementor-widget-container\">\n\t\t\t<h6 class=\"elementor-heading-title elementor-size-default\">Kontakt<\/h6>\t\t<\/div>\n\t\t\t\t<\/div>\n\t\t\t\t<div class=\"elementor-element elementor-element-313a8484 elementor-widget elementor-widget-text-editor\" data-id=\"313a8484\" data-element_type=\"widget\" data-widget_type=\"text-editor.default\">\n\t\t\t\t<div class=\"elementor-widget-container\">\n\t\t\t\t\t\t\t\t<div class=\"elementor-text-editor elementor-clearfix\">\n\t\t\t\t<p><a><strong>Wojnicz<\/strong><br \/>tel\/fax 014 679-05-53<\/a><\/p>\t\t\t\t\t<\/div>\n\t\t\t\t\t\t<\/div>\n\t\t\t\t<\/div>\n\t\t\t\t\t\t<\/div>\n\t\t\t\t\t<\/div>\n\t\t<\/div>\n\t\t\t\t<div class=\"elementor-column elementor-col-33 elementor-inner-column elementor-element elementor-element-3eb780df\" data-id=\"3eb780df\" data-element_type=\"column\">\n\t\t\t<div class=\"elementor-column-wrap elementor-element-populated\">\n\t\t\t\t\t\t\t<div class=\"elementor-widget-wrap\">\n\t\t\t\t\t\t<div class=\"elementor-element elementor-element-a24d79d hide-tablet hide-mobile elementor-widget elementor-widget-heading\" data-id=\"a24d79d\" data-element_type=\"widget\" data-widget_type=\"heading.default\">\n\t\t\t\t<div class=\"elementor-widget-container\">\n\t\t\t<h6 class=\"elementor-heading-title elementor-size-default\">&nbsp;<\/h6>\t\t<\/div>\n\t\t\t\t<\/div>\n\t\t\t\t<div class=\"elementor-element elementor-element-16c041a elementor-widget elementor-widget-text-editor\" data-id=\"16c041a\" data-element_type=\"widget\" data-widget_type=\"text-editor.default\">\n\t\t\t\t<div class=\"elementor-widget-container\">\n\t\t\t\t\t\t\t\t<div class=\"elementor-text-editor elementor-clearfix\">\n\t\t\t\t<p><a href=\"mailto:sklep@monterm.pl\">sklep@monterm.pl <\/a><br \/><a href=\"mailto:hydraulik2000@gmail.com\">hydraulik2000@gmail.com<\/a><\/p>\t\t\t\t\t<\/div>\n\t\t\t\t\t\t<\/div>\n\t\t\t\t<\/div>\n\t\t\t\t\t\t<\/div>\n\t\t\t\t\t<\/div>\n\t\t<\/div>\n\t\t\t\t\t\t\t\t<\/div>\n\t\t\t\t\t<\/div>\n\t\t<\/section>\n\t\t\t\t\t\t<\/div>\n\t\t\t\t\t<\/div>\n\t\t<\/div>\n\t\t\t\t\t\t\t\t<\/div>\n\t\t\t\t\t<\/div>\n\t\t<\/section>\n\t\t\t\t\t\t\t\t\t<\/div>\n\t\t\t<\/div>\n\t\t\t\t\t<\/div>\n\t\t","protected":false},"excerpt":{"rendered":"<p>Dane firmy Firma Handlowo-Us\u0142ugowa Wod.-Kan.-C.O. i Gaz Krzysztof Sak\u0142akJagiello\u0144ska 2 32-830 Wojnicz NIP 873-100-95-05REGON 850124988 Kontakt Wojnicztel\/fax 014 679-05-53 &nbsp; sklep@monterm.pl hydraulik2000@gmail.com<\/p>\n","protected":false},"author":1,"featured_media":0,"parent":0,"menu_order":0,"comment_status":"closed","ping_status":"closed","template":"","meta":[],"yoast_head":"<!-- This site is optimized with the Yoast SEO plugin v19.14 - https:\/\/yoast.com\/wordpress\/plugins\/seo\/ -->\n<title>Kontakt - MONTERM Sklep<\/title>\n<meta name=\"robots\" content=\"index, follow, max-snippet:-1, max-image-preview:large, max-video-preview:-1\" \/>\n<link rel=\"canonical\" href=\"https:\/\/monterm.pl\/sklep\/kontakt\/\" \/>\n<meta property=\"og:locale\" content=\"pl_PL\" \/>\n<meta property=\"og:type\" content=\"article\" \/>\n<meta property=\"og:title\" content=\"Kontakt - MONTERM Sklep\" \/>\n<meta property=\"og:description\" content=\"Dane firmy Firma Handlowo-Us\u0142ugowa Wod.-Kan.-C.O. i Gaz Krzysztof Sak\u0142akJagiello\u0144ska 2 32-830 Wojnicz NIP 873-100-95-05REGON 850124988 Kontakt Wojnicztel\/fax 014 679-05-53 &nbsp; sklep@monterm.pl hydraulik2000@gmail.com\" \/>\n<meta property=\"og:url\" content=\"https:\/\/monterm.pl\/sklep\/kontakt\/\" \/>\n<meta property=\"og:site_name\" content=\"MONTERM Sklep\" \/>\n<meta property=\"article:modified_time\" content=\"2019-09-19T08:52:35+00:00\" \/>\n<meta name=\"twitter:card\" content=\"summary_large_image\" \/>\n<script type=\"application\/ld+json\" class=\"yoast-schema-graph\">{\"@context\":\"https:\/\/schema.org\",\"@graph\":[{\"@type\":\"WebPage\",\"@id\":\"https:\/\/monterm.pl\/sklep\/kontakt\/\",\"url\":\"https:\/\/monterm.pl\/sklep\/kontakt\/\",\"name\":\"Kontakt - MONTERM Sklep\",\"isPartOf\":{\"@id\":\"https:\/\/monterm.pl\/sklep\/#website\"},\"datePublished\":\"2016-04-11T18:05:57+00:00\",\"dateModified\":\"2019-09-19T08:52:35+00:00\",\"breadcrumb\":{\"@id\":\"https:\/\/monterm.pl\/sklep\/kontakt\/#breadcrumb\"},\"inLanguage\":\"pl-PL\",\"potentialAction\":[{\"@type\":\"ReadAction\",\"target\":[\"https:\/\/monterm.pl\/sklep\/kontakt\/\"]}]},{\"@type\":\"BreadcrumbList\",\"@id\":\"https:\/\/monterm.pl\/sklep\/kontakt\/#breadcrumb\",\"itemListElement\":[{\"@type\":\"ListItem\",\"position\":1,\"name\":\"Strona g\u0142\u00f3wna\",\"item\":\"https:\/\/monterm.pl\/sklep\/\"},{\"@type\":\"ListItem\",\"position\":2,\"name\":\"Kontakt\"}]},{\"@type\":\"WebSite\",\"@id\":\"https:\/\/monterm.pl\/sklep\/#website\",\"url\":\"https:\/\/monterm.pl\/sklep\/\",\"name\":\"MONTERM Sklep\",\"description\":\"Technika grzewcza i sanitarna\",\"publisher\":{\"@id\":\"https:\/\/monterm.pl\/sklep\/#organization\"},\"potentialAction\":[{\"@type\":\"SearchAction\",\"target\":{\"@type\":\"EntryPoint\",\"urlTemplate\":\"https:\/\/monterm.pl\/sklep\/?s={search_term_string}\"},\"query-input\":\"required name=search_term_string\"}],\"inLanguage\":\"pl-PL\"},{\"@type\":\"Organization\",\"@id\":\"https:\/\/monterm.pl\/sklep\/#organization\",\"name\":\"MONTERM Sklep\",\"url\":\"https:\/\/monterm.pl\/sklep\/\",\"logo\":{\"@type\":\"ImageObject\",\"inLanguage\":\"pl-PL\",\"@id\":\"https:\/\/monterm.pl\/sklep\/#\/schema\/logo\/image\/\",\"url\":\"https:\/\/monterm.pl\/sklep\/wp-content\/uploads\/2019\/09\/logo.png\",\"contentUrl\":\"https:\/\/monterm.pl\/sklep\/wp-content\/uploads\/2019\/09\/logo.png\",\"width\":420,\"height\":109,\"caption\":\"MONTERM Sklep\"},\"image\":{\"@id\":\"https:\/\/monterm.pl\/sklep\/#\/schema\/logo\/image\/\"}}]}<\/script>\n<!-- \/ Yoast SEO plugin. -->","yoast_head_json":{"title":"Kontakt - MONTERM Sklep","robots":{"index":"index","follow":"follow","max-snippet":"max-snippet:-1","max-image-preview":"max-image-preview:large","max-video-preview":"max-video-preview:-1"},"canonical":"https:\/\/monterm.pl\/sklep\/kontakt\/","og_locale":"pl_PL","og_type":"article","og_title":"Kontakt - MONTERM Sklep","og_description":"Dane firmy Firma Handlowo-Us\u0142ugowa Wod.-Kan.-C.O. i Gaz Krzysztof Sak\u0142akJagiello\u0144ska 2 32-830 Wojnicz NIP 873-100-95-05REGON 850124988 Kontakt Wojnicztel\/fax 014 679-05-53 &nbsp; sklep@monterm.pl hydraulik2000@gmail.com","og_url":"https:\/\/monterm.pl\/sklep\/kontakt\/","og_site_name":"MONTERM Sklep","article_modified_time":"2019-09-19T08:52:35+00:00","twitter_card":"summary_large_image","schema":{"@context":"https:\/\/schema.org","@graph":[{"@type":"WebPage","@id":"https:\/\/monterm.pl\/sklep\/kontakt\/","url":"https:\/\/monterm.pl\/sklep\/kontakt\/","name":"Kontakt - MONTERM Sklep","isPartOf":{"@id":"https:\/\/monterm.pl\/sklep\/#website"},"datePublished":"2016-04-11T18:05:57+00:00","dateModified":"2019-09-19T08:52:35+00:00","breadcrumb":{"@id":"https:\/\/monterm.pl\/sklep\/kontakt\/#breadcrumb"},"inLanguage":"pl-PL","potentialAction":[{"@type":"ReadAction","target":["https:\/\/monterm.pl\/sklep\/kontakt\/"]}]},{"@type":"BreadcrumbList","@id":"https:\/\/monterm.pl\/sklep\/kontakt\/#breadcrumb","itemListElement":[{"@type":"ListItem","position":1,"name":"Strona g\u0142\u00f3wna","item":"https:\/\/monterm.pl\/sklep\/"},{"@type":"ListItem","position":2,"name":"Kontakt"}]},{"@type":"WebSite","@id":"https:\/\/monterm.pl\/sklep\/#website","url":"https:\/\/monterm.pl\/sklep\/","name":"MONTERM Sklep","description":"Technika grzewcza i sanitarna","publisher":{"@id":"https:\/\/monterm.pl\/sklep\/#organization"},"potentialAction":[{"@type":"SearchAction","target":{"@type":"EntryPoint","urlTemplate":"https:\/\/monterm.pl\/sklep\/?s={search_term_string}"},"query-input":"required name=search_term_string"}],"inLanguage":"pl-PL"},{"@type":"Organization","@id":"https:\/\/monterm.pl\/sklep\/#organization","name":"MONTERM Sklep","url":"https:\/\/monterm.pl\/sklep\/","logo":{"@type":"ImageObject","inLanguage":"pl-PL","@id":"https:\/\/monterm.pl\/sklep\/#\/schema\/logo\/image\/","url":"https:\/\/monterm.pl\/sklep\/wp-content\/uploads\/2019\/09\/logo.png","contentUrl":"https:\/\/monterm.pl\/sklep\/wp-content\/uploads\/2019\/09\/logo.png","width":420,"height":109,"caption":"MONTERM Sklep"},"image":{"@id":"https:\/\/monterm.pl\/sklep\/#\/schema\/logo\/image\/"}}]}},"_links":{"self":[{"href":"https:\/\/monterm.pl\/sklep\/wp-json\/wp\/v2\/pages\/298"}],"collection":[{"href":"https:\/\/monterm.pl\/sklep\/wp-json\/wp\/v2\/pages"}],"about":[{"href":"https:\/\/monterm.pl\/sklep\/wp-json\/wp\/v2\/types\/page"}],"author":[{"embeddable":true,"href":"https:\/\/monterm.pl\/sklep\/wp-json\/wp\/v2\/users\/1"}],"replies":[{"embeddable":true,"href":"https:\/\/monterm.pl\/sklep\/wp-json\/wp\/v2\/comments?post=298"}],"version-history":[{"count":10,"href":"https:\/\/monterm.pl\/sklep\/wp-json\/wp\/v2\/pages\/298\/revisions"}],"predecessor-version":[{"id":795,"href":"https:\/\/monterm.pl\/sklep\/wp-json\/wp\/v2\/pages\/298\/revisions\/795"}],"wp:attachment":[{"href":"https:\/\/monterm.pl\/sklep\/wp-json\/wp\/v2\/media?parent=298"}],"curies":[{"name":"wp","href":"https:\/\/api.w.org\/{rel}","templated":true}]}}