{"id":396,"date":"2016-11-01T20:58:49","date_gmt":"2016-11-01T20:58:49","guid":{"rendered":"https:\/\/oceanwp.org\/store\/?page_id=396"},"modified":"2023-01-13T09:14:03","modified_gmt":"2023-01-13T08:14:03","slug":"home-2","status":"publish","type":"page","link":"https:\/\/monterm.pl\/sklep\/","title":{"rendered":"Home"},"content":{"rendered":"\t\t<div data-elementor-type=\"wp-page\" data-elementor-id=\"396\" class=\"elementor elementor-396\">\n\t\t\t\t\t\t<div class=\"elementor-inner\">\n\t\t\t\t<div class=\"elementor-section-wrap\">\n\t\t\t\t\t\t\t\t\t<section class=\"elementor-section elementor-top-section elementor-element elementor-element-z6uj8ys elementor-section-height-min-height elementor-section-boxed elementor-section-height-default elementor-section-items-middle\" data-id=\"z6uj8ys\" data-element_type=\"section\" data-settings=\"{&quot;background_background&quot;:&quot;classic&quot;}\">\n\t\t\t\t\t\t<div class=\"elementor-container elementor-column-gap-default\">\n\t\t\t\t\t\t\t<div class=\"elementor-row\">\n\t\t\t\t\t<div class=\"elementor-column elementor-col-33 elementor-top-column elementor-element elementor-element-ix6xr75\" data-id=\"ix6xr75\" data-element_type=\"column\">\n\t\t\t<div class=\"elementor-column-wrap\">\n\t\t\t\t\t\t\t<div class=\"elementor-widget-wrap\">\n\t\t\t\t\t\t\t\t<\/div>\n\t\t\t\t\t<\/div>\n\t\t<\/div>\n\t\t\t\t<div class=\"elementor-column elementor-col-66 elementor-top-column elementor-element elementor-element-bdwthlz\" data-id=\"bdwthlz\" data-element_type=\"column\">\n\t\t\t<div class=\"elementor-column-wrap elementor-element-populated\">\n\t\t\t\t\t\t\t<div class=\"elementor-widget-wrap\">\n\t\t\t\t\t\t<div class=\"elementor-element elementor-element-c1nb16e elementor-align-right elementor-widget elementor-widget-button\" data-id=\"c1nb16e\" data-element_type=\"widget\" data-widget_type=\"button.default\">\n\t\t\t\t<div class=\"elementor-widget-container\">\n\t\t\t\t\t<div class=\"elementor-button-wrapper\">\n\t\t\t<a href=\"#\" class=\"elementor-button-link elementor-button elementor-size-sm\" role=\"button\">\n\t\t\t\t\t\t<span class=\"elementor-button-content-wrapper\">\n\t\t\t\t\t\t<span class=\"elementor-button-text\">Sklep hydrauliczny<\/span>\n\t\t<\/span>\n\t\t\t\t\t<\/a>\n\t\t<\/div>\n\t\t\t\t<\/div>\n\t\t\t\t<\/div>\n\t\t\t\t\t\t<\/div>\n\t\t\t\t\t<\/div>\n\t\t<\/div>\n\t\t\t\t\t\t\t\t<\/div>\n\t\t\t\t\t<\/div>\n\t\t<\/section>\n\t\t\t\t<section class=\"elementor-section elementor-top-section elementor-element elementor-element-6fa3595 elementor-section-boxed elementor-section-height-default elementor-section-height-default\" data-id=\"6fa3595\" data-element_type=\"section\" id=\"o-firmie\">\n\t\t\t\t\t\t<div class=\"elementor-container elementor-column-gap-default\">\n\t\t\t\t\t\t\t<div class=\"elementor-row\">\n\t\t\t\t\t<div class=\"elementor-column elementor-col-100 elementor-top-column elementor-element elementor-element-d6d7e51\" data-id=\"d6d7e51\" data-element_type=\"column\">\n\t\t\t<div class=\"elementor-column-wrap elementor-element-populated\">\n\t\t\t\t\t\t\t<div class=\"elementor-widget-wrap\">\n\t\t\t\t\t\t<div class=\"elementor-element elementor-element-1458dae black elementor-widget elementor-widget-heading\" data-id=\"1458dae\" data-element_type=\"widget\" data-widget_type=\"heading.default\">\n\t\t\t\t<div class=\"elementor-widget-container\">\n\t\t\t<h1 class=\"elementor-heading-title elementor-size-default\">SKLEP  HYDRAULICZNY <span>MONTERM<\/span><\/h1>\t\t<\/div>\n\t\t\t\t<\/div>\n\t\t\t\t<div class=\"elementor-element elementor-element-c155aee elementor-widget elementor-widget-text-editor\" data-id=\"c155aee\" data-element_type=\"widget\" data-widget_type=\"text-editor.default\">\n\t\t\t\t<div class=\"elementor-widget-container\">\n\t\t\t\t\t\t\t\t<div class=\"elementor-text-editor elementor-clearfix\">\n\t\t\t\tSklep hydrauliczno &#8211; instalatorski z bran\u017cy wodnej, kanalizacyjnej, centralnego ogrzewania i gazowej, znajduj\u0105cy si\u0119 w Wojniczu ko\u0142o Tarnowa. Niezwykle szeroki wyb\u00f3r asortymentu, wielu producent\u00f3w, fachowa obs\u0142uga i doradztwo. Mo\u017cliwe zakupy na raty oraz dow\u00f3z towaru do klienta.\nPrzyjd\u017a lub zadzwo\u0144 i sprawd\u017a cen\u0119. Serdecznie zapraszamy!\t\t\t\t\t<\/div>\n\t\t\t\t\t\t<\/div>\n\t\t\t\t<\/div>\n\t\t\t\t\t\t<\/div>\n\t\t\t\t\t<\/div>\n\t\t<\/div>\n\t\t\t\t\t\t\t\t<\/div>\n\t\t\t\t\t<\/div>\n\t\t<\/section>\n\t\t\t\t<section class=\"elementor-section elementor-top-section elementor-element elementor-element-5a140c4 elementor-section-boxed elementor-section-height-default elementor-section-height-default\" data-id=\"5a140c4\" data-element_type=\"section\" data-settings=\"{&quot;background_background&quot;:&quot;classic&quot;}\">\n\t\t\t\t\t\t<div class=\"elementor-container elementor-column-gap-default\">\n\t\t\t\t\t\t\t<div class=\"elementor-row\">\n\t\t\t\t\t<div class=\"elementor-column elementor-col-100 elementor-top-column elementor-element elementor-element-d2f0ccd\" data-id=\"d2f0ccd\" data-element_type=\"column\">\n\t\t\t<div class=\"elementor-column-wrap elementor-element-populated\">\n\t\t\t\t\t\t\t<div class=\"elementor-widget-wrap\">\n\t\t\t\t\t\t<div class=\"elementor-element elementor-element-d1d6cbd elementor-invisible elementor-widget elementor-widget-heading\" data-id=\"d1d6cbd\" data-element_type=\"widget\" data-settings=\"{&quot;_animation&quot;:&quot;fadeIn&quot;}\" data-widget_type=\"heading.default\">\n\t\t\t\t<div class=\"elementor-widget-container\">\n\t\t\t<h2 class=\"elementor-heading-title elementor-size-default\">CO  OFERUJEMY?<\/h2>\t\t<\/div>\n\t\t\t\t<\/div>\n\t\t\t\t<div class=\"elementor-element elementor-element-330c820 elementor-align-center elementor-widget elementor-widget-button\" data-id=\"330c820\" data-element_type=\"widget\" data-widget_type=\"button.default\">\n\t\t\t\t<div class=\"elementor-widget-container\">\n\t\t\t\t\t<div class=\"elementor-button-wrapper\">\n\t\t\t<a href=\"https:\/\/monterm.pl\/sklep\/oferta\/\" class=\"elementor-button-link elementor-button elementor-size-sm\" role=\"button\">\n\t\t\t\t\t\t<span class=\"elementor-button-content-wrapper\">\n\t\t\t\t\t\t<span class=\"elementor-button-text\">Zobacz<\/span>\n\t\t<\/span>\n\t\t\t\t\t<\/a>\n\t\t<\/div>\n\t\t\t\t<\/div>\n\t\t\t\t<\/div>\n\t\t\t\t\t\t<\/div>\n\t\t\t\t\t<\/div>\n\t\t<\/div>\n\t\t\t\t\t\t\t\t<\/div>\n\t\t\t\t\t<\/div>\n\t\t<\/section>\n\t\t\t\t<section class=\"elementor-section elementor-top-section elementor-element elementor-element-m1ftxxd elementor-section-boxed elementor-section-height-default elementor-section-height-default\" data-id=\"m1ftxxd\" data-element_type=\"section\">\n\t\t\t\t\t\t<div class=\"elementor-container elementor-column-gap-default\">\n\t\t\t\t\t\t\t<div class=\"elementor-row\">\n\t\t\t\t\t<div class=\"elementor-column elementor-col-100 elementor-top-column elementor-element elementor-element-waknl7r\" data-id=\"waknl7r\" data-element_type=\"column\">\n\t\t\t<div class=\"elementor-column-wrap elementor-element-populated\">\n\t\t\t\t\t\t\t<div class=\"elementor-widget-wrap\">\n\t\t\t\t\t\t<section class=\"elementor-section elementor-inner-section elementor-element elementor-element-f25e5f7 elementor-section-boxed elementor-section-height-default elementor-section-height-default\" data-id=\"f25e5f7\" data-element_type=\"section\">\n\t\t\t\t\t\t<div class=\"elementor-container elementor-column-gap-default\">\n\t\t\t\t\t\t\t<div class=\"elementor-row\">\n\t\t\t\t\t<div class=\"elementor-column elementor-col-50 elementor-inner-column elementor-element elementor-element-043556e\" data-id=\"043556e\" data-element_type=\"column\" id=\"polecany\">\n\t\t\t<div class=\"elementor-column-wrap elementor-element-populated\">\n\t\t\t\t\t\t\t<div class=\"elementor-widget-wrap\">\n\t\t\t\t\t\t<div class=\"elementor-element elementor-element-4d405e0 section-title elementor-widget elementor-widget-heading\" data-id=\"4d405e0\" data-element_type=\"widget\" data-widget_type=\"heading.default\">\n\t\t\t\t<div class=\"elementor-widget-container\">\n\t\t\t<h2 class=\"elementor-heading-title elementor-size-default\">Produkt tygodnia<\/h2>\t\t<\/div>\n\t\t\t\t<\/div>\n\t\t\t\t<div class=\"elementor-element elementor-element-d4e3010 elementor-widget elementor-widget-shortcode\" data-id=\"d4e3010\" data-element_type=\"widget\" data-widget_type=\"shortcode.default\">\n\t\t\t\t<div class=\"elementor-widget-container\">\n\t\t\t\t\t<div class=\"elementor-shortcode\"><div class=\"woocommerce columns-1 \">\r\n<ul class=\"products oceanwp-row clr grid tablet-col tablet-2-col\">\r\n<li class=\"entry has-media has-product-nav col span_1_of_1 owp-content-center owp-thumbs-layout-horizontal owp-btn-normal owp-tabs-layout-horizontal has-no-thumbnails product type-product post-101 status-publish first outofstock product_cat-centralne-ogrzewanie product_cat-urzadzenia-gazowe product_cat-wyprzedaze has-post-thumbnail featured shipping-taxable purchasable product-type-simple\">\n\t<div class=\"product-inner clr\">\r\n\t<div class=\"woo-entry-image clr\">\r\n\t\t<a href=\"https:\/\/monterm.pl\/sklep\/produkt\/podgrzewacz-gazowy-pojemnosciowy-ariston-sga-x-80l\/\" class=\"woocommerce-LoopProduct-link\"><img width=\"400\" height=\"560\" src=\"https:\/\/monterm.pl\/sklep\/wp-content\/uploads\/2016\/04\/prom1_pro-400x560.jpg\" class=\"woo-entry-image-main\" alt=\"Podgrzewacz gazowy pojemno\u015bciowy ARISTON SGA X 80L\" decoding=\"async\" loading=\"lazy\" itemprop=\"image\" \/><\/a><a href=\"#\" id=\"product_id_101\" class=\"owp-quick-view\" data-product_id=\"101\" aria-label=\"Quickly preview product Podgrzewacz gazowy pojemno\u015bciowy ARISTON SGA X 80L\"><i class=\" icon-eye\" aria-hidden=\"true\" role=\"img\"><\/i> Szybki podgl\u0105d<\/a>\t<\/div><!-- .woo-entry-image -->\r\n\r\n<ul class=\"woo-entry-inner clr\"><li class=\"image-wrap\">\t\t\t\t<div class=\"outofstock-badge\">\n\t\t\t\t\tBrak w magazynie\t\t\t\t<\/div><!-- .product-entry-out-of-stock-badge -->\n\t\t\t\t\r\n\t<div class=\"woo-entry-image clr\">\r\n\t\t<a href=\"https:\/\/monterm.pl\/sklep\/produkt\/podgrzewacz-gazowy-pojemnosciowy-ariston-sga-x-80l\/\" class=\"woocommerce-LoopProduct-link\"><img width=\"400\" height=\"560\" src=\"https:\/\/monterm.pl\/sklep\/wp-content\/uploads\/2016\/04\/prom1_pro-400x560.jpg\" class=\"woo-entry-image-main\" alt=\"Podgrzewacz gazowy pojemno\u015bciowy ARISTON SGA X 80L\" decoding=\"async\" loading=\"lazy\" itemprop=\"image\" \/><\/a><a href=\"#\" id=\"product_id_101\" class=\"owp-quick-view\" data-product_id=\"101\" aria-label=\"Quickly preview product Podgrzewacz gazowy pojemno\u015bciowy ARISTON SGA X 80L\"><i class=\" icon-eye\" aria-hidden=\"true\" role=\"img\"><\/i> Szybki podgl\u0105d<\/a>\t<\/div><!-- .woo-entry-image -->\r\n\r\n<\/li><li class=\"title\"><h2><a href=\"https:\/\/monterm.pl\/sklep\/produkt\/podgrzewacz-gazowy-pojemnosciowy-ariston-sga-x-80l\/\">Podgrzewacz gazowy pojemno\u015bciowy ARISTON SGA X 80L<\/a><\/h2><\/li><li class=\"btn-wrap clr\"><a href=\"https:\/\/monterm.pl\/sklep\/produkt\/podgrzewacz-gazowy-pojemnosciowy-ariston-sga-x-80l\/\" data-quantity=\"1\" class=\"button wp-element-button product_type_simple\" data-product_id=\"101\" data-product_sku=\"\" aria-label=\"Przeczytaj wi\u0119cej o &bdquo;Podgrzewacz gazowy pojemno\u015bciowy ARISTON SGA X 80L&rdquo;\" rel=\"nofollow\">Czytaj dalej<\/a><\/li><\/ul><\/div><!-- .product-inner .clr --><\/li>\n<\/ul>\n<\/div><\/div>\n\t\t\t\t<\/div>\n\t\t\t\t<\/div>\n\t\t\t\t\t\t<\/div>\n\t\t\t\t\t<\/div>\n\t\t<\/div>\n\t\t\t\t<div class=\"elementor-column elementor-col-50 elementor-inner-column elementor-element elementor-element-900aa68\" data-id=\"900aa68\" data-element_type=\"column\" id=\"wyprzedaz\">\n\t\t\t<div class=\"elementor-column-wrap elementor-element-populated\">\n\t\t\t\t\t\t\t<div class=\"elementor-widget-wrap\">\n\t\t\t\t\t\t<div class=\"elementor-element elementor-element-501bfcd section-title elementor-widget elementor-widget-heading\" data-id=\"501bfcd\" data-element_type=\"widget\" data-widget_type=\"heading.default\">\n\t\t\t\t<div class=\"elementor-widget-container\">\n\t\t\t<h2 class=\"elementor-heading-title elementor-size-default\">Wyprzeda\u017c<\/h2>\t\t<\/div>\n\t\t\t\t<\/div>\n\t\t\t\t<div class=\"elementor-element elementor-element-16d1c26 elementor-widget elementor-widget-shortcode\" data-id=\"16d1c26\" data-element_type=\"widget\" data-widget_type=\"shortcode.default\">\n\t\t\t\t<div class=\"elementor-widget-container\">\n\t\t\t\t\t<div class=\"elementor-shortcode\"><div class=\"woocommerce columns-2 \">\r\n<ul class=\"products oceanwp-row clr grid tablet-col tablet-2-col\">\r\n<li class=\"entry has-media has-product-nav col span_1_of_2 owp-content-center owp-thumbs-layout-horizontal owp-btn-normal owp-tabs-layout-horizontal has-no-thumbnails product type-product post-69 status-publish first outofstock product_cat-armatura product_cat-wyprzedaze has-post-thumbnail shipping-taxable purchasable product-type-simple\">\n\t<div class=\"product-inner clr\">\r\n\t<div class=\"woo-entry-image clr\">\r\n\t\t<a href=\"https:\/\/monterm.pl\/sklep\/produkt\/bateria-zlewozmywakowa-stojaca-ferro-zumba\/\" class=\"woocommerce-LoopProduct-link\"><img width=\"400\" height=\"560\" src=\"https:\/\/monterm.pl\/sklep\/wp-content\/uploads\/2016\/04\/prom2_pro-400x560.jpg\" class=\"woo-entry-image-main\" alt=\"Bateria zlewozmywakowa stoj\u0105ca &#8211; Ferro Zumba\" decoding=\"async\" loading=\"lazy\" itemprop=\"image\" \/><\/a><a href=\"#\" id=\"product_id_69\" class=\"owp-quick-view\" data-product_id=\"69\" aria-label=\"Quickly preview product Bateria zlewozmywakowa stoj\u0105ca - Ferro Zumba\"><i class=\" icon-eye\" aria-hidden=\"true\" role=\"img\"><\/i> Szybki podgl\u0105d<\/a>\t<\/div><!-- .woo-entry-image -->\r\n\r\n<ul class=\"woo-entry-inner clr\"><li class=\"image-wrap\">\t\t\t\t<div class=\"outofstock-badge\">\n\t\t\t\t\tBrak w magazynie\t\t\t\t<\/div><!-- .product-entry-out-of-stock-badge -->\n\t\t\t\t\r\n\t<div class=\"woo-entry-image clr\">\r\n\t\t<a href=\"https:\/\/monterm.pl\/sklep\/produkt\/bateria-zlewozmywakowa-stojaca-ferro-zumba\/\" class=\"woocommerce-LoopProduct-link\"><img width=\"400\" height=\"560\" src=\"https:\/\/monterm.pl\/sklep\/wp-content\/uploads\/2016\/04\/prom2_pro-400x560.jpg\" class=\"woo-entry-image-main\" alt=\"Bateria zlewozmywakowa stoj\u0105ca &#8211; Ferro Zumba\" decoding=\"async\" loading=\"lazy\" itemprop=\"image\" \/><\/a><a href=\"#\" id=\"product_id_69\" class=\"owp-quick-view\" data-product_id=\"69\" aria-label=\"Quickly preview product Bateria zlewozmywakowa stoj\u0105ca - Ferro Zumba\"><i class=\" icon-eye\" aria-hidden=\"true\" role=\"img\"><\/i> Szybki podgl\u0105d<\/a>\t<\/div><!-- .woo-entry-image -->\r\n\r\n<\/li><li class=\"title\"><h2><a href=\"https:\/\/monterm.pl\/sklep\/produkt\/bateria-zlewozmywakowa-stojaca-ferro-zumba\/\">Bateria zlewozmywakowa stoj\u0105ca &#8211; Ferro Zumba<\/a><\/h2><\/li><li class=\"btn-wrap clr\"><a href=\"https:\/\/monterm.pl\/sklep\/produkt\/bateria-zlewozmywakowa-stojaca-ferro-zumba\/\" data-quantity=\"1\" class=\"button wp-element-button product_type_simple\" data-product_id=\"69\" data-product_sku=\"\" aria-label=\"Przeczytaj wi\u0119cej o &bdquo;Bateria zlewozmywakowa stoj\u0105ca - Ferro Zumba&rdquo;\" rel=\"nofollow\">Czytaj dalej<\/a><\/li><\/ul><\/div><!-- .product-inner .clr --><\/li>\n<li class=\"entry has-media has-product-nav col span_1_of_2 owp-content-center owp-thumbs-layout-horizontal owp-btn-normal owp-tabs-layout-horizontal has-no-thumbnails product type-product post-84 status-publish last outofstock product_cat-centralne-ogrzewanie product_cat-wyprzedaze has-post-thumbnail shipping-taxable purchasable product-type-simple\">\n\t<div class=\"product-inner clr\">\r\n\t<div class=\"woo-entry-image clr\">\r\n\t\t<a href=\"https:\/\/monterm.pl\/sklep\/produkt\/grzejni-stalowy-alatus-c22-600x1000\/\" class=\"woocommerce-LoopProduct-link\"><img width=\"400\" height=\"560\" src=\"https:\/\/monterm.pl\/sklep\/wp-content\/uploads\/2016\/04\/prom3_pro-400x560.jpg\" class=\"woo-entry-image-main\" alt=\"Grzejni stalowy ALATUS C22 600&#215;1000\" decoding=\"async\" loading=\"lazy\" itemprop=\"image\" \/><\/a><a href=\"#\" id=\"product_id_84\" class=\"owp-quick-view\" data-product_id=\"84\" aria-label=\"Quickly preview product Grzejni stalowy ALATUS C22 600x1000\"><i class=\" icon-eye\" aria-hidden=\"true\" role=\"img\"><\/i> Szybki podgl\u0105d<\/a>\t<\/div><!-- .woo-entry-image -->\r\n\r\n<ul class=\"woo-entry-inner clr\"><li class=\"image-wrap\">\t\t\t\t<div class=\"outofstock-badge\">\n\t\t\t\t\tBrak w magazynie\t\t\t\t<\/div><!-- .product-entry-out-of-stock-badge -->\n\t\t\t\t\r\n\t<div class=\"woo-entry-image clr\">\r\n\t\t<a href=\"https:\/\/monterm.pl\/sklep\/produkt\/grzejni-stalowy-alatus-c22-600x1000\/\" class=\"woocommerce-LoopProduct-link\"><img width=\"400\" height=\"560\" src=\"https:\/\/monterm.pl\/sklep\/wp-content\/uploads\/2016\/04\/prom3_pro-400x560.jpg\" class=\"woo-entry-image-main\" alt=\"Grzejni stalowy ALATUS C22 600&#215;1000\" decoding=\"async\" loading=\"lazy\" itemprop=\"image\" \/><\/a><a href=\"#\" id=\"product_id_84\" class=\"owp-quick-view\" data-product_id=\"84\" aria-label=\"Quickly preview product Grzejni stalowy ALATUS C22 600x1000\"><i class=\" icon-eye\" aria-hidden=\"true\" role=\"img\"><\/i> Szybki podgl\u0105d<\/a>\t<\/div><!-- .woo-entry-image -->\r\n\r\n<\/li><li class=\"title\"><h2><a href=\"https:\/\/monterm.pl\/sklep\/produkt\/grzejni-stalowy-alatus-c22-600x1000\/\">Grzejni stalowy ALATUS C22 600&#215;1000<\/a><\/h2><\/li><li class=\"btn-wrap clr\"><a href=\"https:\/\/monterm.pl\/sklep\/produkt\/grzejni-stalowy-alatus-c22-600x1000\/\" data-quantity=\"1\" class=\"button wp-element-button product_type_simple\" data-product_id=\"84\" data-product_sku=\"\" aria-label=\"Przeczytaj wi\u0119cej o &bdquo;Grzejni stalowy ALATUS C22 600x1000&rdquo;\" rel=\"nofollow\">Czytaj dalej<\/a><\/li><\/ul><\/div><!-- .product-inner .clr --><\/li>\n<\/ul>\n<\/div><\/div>\n\t\t\t\t<\/div>\n\t\t\t\t<\/div>\n\t\t\t\t\t\t<\/div>\n\t\t\t\t\t<\/div>\n\t\t<\/div>\n\t\t\t\t\t\t\t\t<\/div>\n\t\t\t\t\t<\/div>\n\t\t<\/section>\n\t\t\t\t\t\t<\/div>\n\t\t\t\t\t<\/div>\n\t\t<\/div>\n\t\t\t\t\t\t\t\t<\/div>\n\t\t\t\t\t<\/div>\n\t\t<\/section>\n\t\t\t\t<section class=\"elementor-section elementor-top-section elementor-element elementor-element-no9fz0x elementor-section-boxed elementor-section-height-default elementor-section-height-default\" data-id=\"no9fz0x\" data-element_type=\"section\" data-settings=\"{&quot;background_background&quot;:&quot;classic&quot;}\">\n\t\t\t\t\t\t<div class=\"elementor-container elementor-column-gap-default\">\n\t\t\t\t\t\t\t<div class=\"elementor-row\">\n\t\t\t\t\t<div class=\"elementor-column elementor-col-100 elementor-top-column elementor-element elementor-element-rn4mapn\" data-id=\"rn4mapn\" data-element_type=\"column\">\n\t\t\t<div class=\"elementor-column-wrap elementor-element-populated\">\n\t\t\t\t\t\t\t<div class=\"elementor-widget-wrap\">\n\t\t\t\t\t\t<div class=\"elementor-element elementor-element-cq8bjlz elementor-widget elementor-widget-heading\" data-id=\"cq8bjlz\" data-element_type=\"widget\" data-widget_type=\"heading.default\">\n\t\t\t\t<div class=\"elementor-widget-container\">\n\t\t\t<h3 class=\"elementor-heading-title elementor-size-default\">MASZ PYTANIA? ZADZWO\u0143 - CH\u0118TNIE ODPOWIEMY<\/h3>\t\t<\/div>\n\t\t\t\t<\/div>\n\t\t\t\t<div class=\"elementor-element elementor-element-c5e58a0 tel elementor-widget elementor-widget-heading\" data-id=\"c5e58a0\" data-element_type=\"widget\" data-widget_type=\"heading.default\">\n\t\t\t\t<div class=\"elementor-widget-container\">\n\t\t\t<h3 class=\"elementor-heading-title elementor-size-default\">WOJNICZ <a class=\"tel\" href=\"146790553\">14 679 05 53<\/a><\/h3>\t\t<\/div>\n\t\t\t\t<\/div>\n\t\t\t\t\t\t<\/div>\n\t\t\t\t\t<\/div>\n\t\t<\/div>\n\t\t\t\t\t\t\t\t<\/div>\n\t\t\t\t\t<\/div>\n\t\t<\/section>\n\t\t\t\t\t\t\t\t\t<\/div>\n\t\t\t<\/div>\n\t\t\t\t\t<\/div>\n\t\t","protected":false},"excerpt":{"rendered":"<p>Sklep hydrauliczny SKLEP HYDRAULICZNY MONTERM Sklep hydrauliczno &#8211; instalatorski z bran\u017cy wodnej, kanalizacyjnej, centralnego ogrzewania i gazowej, znajduj\u0105cy si\u0119 w Wojniczu ko\u0142o Tarnowa. Niezwykle szeroki wyb\u00f3r asortymentu, wielu producent\u00f3w, fachowa obs\u0142uga i doradztwo. Mo\u017cliwe zakupy na raty oraz dow\u00f3z towaru do klienta. Przyjd\u017a lub zadzwo\u0144 i sprawd\u017a cen\u0119. Serdecznie zapraszamy! CO OFERUJEMY? Zobacz Produkt tygodnia [&hellip;]<\/p>\n","protected":false},"author":1,"featured_media":0,"parent":0,"menu_order":0,"comment_status":"closed","ping_status":"closed","template":"","meta":[],"yoast_head":"<!-- This site is optimized with the Yoast SEO plugin v19.14 - https:\/\/yoast.com\/wordpress\/plugins\/seo\/ -->\n<title>Home - MONTERM Sklep<\/title>\n<meta name=\"robots\" content=\"index, follow, max-snippet:-1, max-image-preview:large, max-video-preview:-1\" \/>\n<link rel=\"canonical\" href=\"https:\/\/monterm.pl\/sklep\/\" \/>\n<meta property=\"og:locale\" content=\"pl_PL\" \/>\n<meta property=\"og:type\" content=\"article\" \/>\n<meta property=\"og:title\" content=\"Home - MONTERM Sklep\" \/>\n<meta property=\"og:description\" content=\"Sklep hydrauliczny SKLEP HYDRAULICZNY MONTERM Sklep hydrauliczno &#8211; instalatorski z bran\u017cy wodnej, kanalizacyjnej, centralnego ogrzewania i gazowej, znajduj\u0105cy si\u0119 w Wojniczu ko\u0142o Tarnowa. Niezwykle szeroki wyb\u00f3r asortymentu, wielu producent\u00f3w, fachowa obs\u0142uga i doradztwo. Mo\u017cliwe zakupy na raty oraz dow\u00f3z towaru do klienta. Przyjd\u017a lub zadzwo\u0144 i sprawd\u017a cen\u0119. Serdecznie zapraszamy! CO OFERUJEMY? Zobacz Produkt tygodnia [&hellip;]\" \/>\n<meta property=\"og:url\" content=\"https:\/\/monterm.pl\/sklep\/\" \/>\n<meta property=\"og:site_name\" content=\"MONTERM Sklep\" \/>\n<meta property=\"article:modified_time\" content=\"2023-01-13T08:14:03+00:00\" \/>\n<meta name=\"twitter:card\" content=\"summary_large_image\" \/>\n<meta name=\"twitter:label1\" content=\"Szacowany czas czytania\" \/>\n\t<meta name=\"twitter:data1\" content=\"2 minuty\" \/>\n<script type=\"application\/ld+json\" class=\"yoast-schema-graph\">{\"@context\":\"https:\/\/schema.org\",\"@graph\":[{\"@type\":\"WebPage\",\"@id\":\"https:\/\/monterm.pl\/sklep\/\",\"url\":\"https:\/\/monterm.pl\/sklep\/\",\"name\":\"Home - MONTERM Sklep\",\"isPartOf\":{\"@id\":\"https:\/\/monterm.pl\/sklep\/#website\"},\"datePublished\":\"2016-11-01T20:58:49+00:00\",\"dateModified\":\"2023-01-13T08:14:03+00:00\",\"breadcrumb\":{\"@id\":\"https:\/\/monterm.pl\/sklep\/#breadcrumb\"},\"inLanguage\":\"pl-PL\",\"potentialAction\":[{\"@type\":\"ReadAction\",\"target\":[\"https:\/\/monterm.pl\/sklep\/\"]}]},{\"@type\":\"BreadcrumbList\",\"@id\":\"https:\/\/monterm.pl\/sklep\/#breadcrumb\",\"itemListElement\":[{\"@type\":\"ListItem\",\"position\":1,\"name\":\"Strona g\u0142\u00f3wna\",\"item\":\"https:\/\/monterm.pl\/sklep\/\"},{\"@type\":\"ListItem\",\"position\":2,\"name\":\"Home\"}]},{\"@type\":\"WebSite\",\"@id\":\"https:\/\/monterm.pl\/sklep\/#website\",\"url\":\"https:\/\/monterm.pl\/sklep\/\",\"name\":\"MONTERM Sklep\",\"description\":\"Technika grzewcza i sanitarna\",\"publisher\":{\"@id\":\"https:\/\/monterm.pl\/sklep\/#organization\"},\"potentialAction\":[{\"@type\":\"SearchAction\",\"target\":{\"@type\":\"EntryPoint\",\"urlTemplate\":\"https:\/\/monterm.pl\/sklep\/?s={search_term_string}\"},\"query-input\":\"required name=search_term_string\"}],\"inLanguage\":\"pl-PL\"},{\"@type\":\"Organization\",\"@id\":\"https:\/\/monterm.pl\/sklep\/#organization\",\"name\":\"MONTERM Sklep\",\"url\":\"https:\/\/monterm.pl\/sklep\/\",\"logo\":{\"@type\":\"ImageObject\",\"inLanguage\":\"pl-PL\",\"@id\":\"https:\/\/monterm.pl\/sklep\/#\/schema\/logo\/image\/\",\"url\":\"https:\/\/monterm.pl\/sklep\/wp-content\/uploads\/2019\/09\/logo.png\",\"contentUrl\":\"https:\/\/monterm.pl\/sklep\/wp-content\/uploads\/2019\/09\/logo.png\",\"width\":420,\"height\":109,\"caption\":\"MONTERM Sklep\"},\"image\":{\"@id\":\"https:\/\/monterm.pl\/sklep\/#\/schema\/logo\/image\/\"}}]}<\/script>\n<!-- \/ Yoast SEO plugin. -->","yoast_head_json":{"title":"Home - MONTERM Sklep","robots":{"index":"index","follow":"follow","max-snippet":"max-snippet:-1","max-image-preview":"max-image-preview:large","max-video-preview":"max-video-preview:-1"},"canonical":"https:\/\/monterm.pl\/sklep\/","og_locale":"pl_PL","og_type":"article","og_title":"Home - MONTERM Sklep","og_description":"Sklep hydrauliczny SKLEP HYDRAULICZNY MONTERM Sklep hydrauliczno &#8211; instalatorski z bran\u017cy wodnej, kanalizacyjnej, centralnego ogrzewania i gazowej, znajduj\u0105cy si\u0119 w Wojniczu ko\u0142o Tarnowa. Niezwykle szeroki wyb\u00f3r asortymentu, wielu producent\u00f3w, fachowa obs\u0142uga i doradztwo. Mo\u017cliwe zakupy na raty oraz dow\u00f3z towaru do klienta. Przyjd\u017a lub zadzwo\u0144 i sprawd\u017a cen\u0119. Serdecznie zapraszamy! CO OFERUJEMY? Zobacz Produkt tygodnia [&hellip;]","og_url":"https:\/\/monterm.pl\/sklep\/","og_site_name":"MONTERM Sklep","article_modified_time":"2023-01-13T08:14:03+00:00","twitter_card":"summary_large_image","twitter_misc":{"Szacowany czas czytania":"2 minuty"},"schema":{"@context":"https:\/\/schema.org","@graph":[{"@type":"WebPage","@id":"https:\/\/monterm.pl\/sklep\/","url":"https:\/\/monterm.pl\/sklep\/","name":"Home - MONTERM Sklep","isPartOf":{"@id":"https:\/\/monterm.pl\/sklep\/#website"},"datePublished":"2016-11-01T20:58:49+00:00","dateModified":"2023-01-13T08:14:03+00:00","breadcrumb":{"@id":"https:\/\/monterm.pl\/sklep\/#breadcrumb"},"inLanguage":"pl-PL","potentialAction":[{"@type":"ReadAction","target":["https:\/\/monterm.pl\/sklep\/"]}]},{"@type":"BreadcrumbList","@id":"https:\/\/monterm.pl\/sklep\/#breadcrumb","itemListElement":[{"@type":"ListItem","position":1,"name":"Strona g\u0142\u00f3wna","item":"https:\/\/monterm.pl\/sklep\/"},{"@type":"ListItem","position":2,"name":"Home"}]},{"@type":"WebSite","@id":"https:\/\/monterm.pl\/sklep\/#website","url":"https:\/\/monterm.pl\/sklep\/","name":"MONTERM Sklep","description":"Technika grzewcza i sanitarna","publisher":{"@id":"https:\/\/monterm.pl\/sklep\/#organization"},"potentialAction":[{"@type":"SearchAction","target":{"@type":"EntryPoint","urlTemplate":"https:\/\/monterm.pl\/sklep\/?s={search_term_string}"},"query-input":"required name=search_term_string"}],"inLanguage":"pl-PL"},{"@type":"Organization","@id":"https:\/\/monterm.pl\/sklep\/#organization","name":"MONTERM Sklep","url":"https:\/\/monterm.pl\/sklep\/","logo":{"@type":"ImageObject","inLanguage":"pl-PL","@id":"https:\/\/monterm.pl\/sklep\/#\/schema\/logo\/image\/","url":"https:\/\/monterm.pl\/sklep\/wp-content\/uploads\/2019\/09\/logo.png","contentUrl":"https:\/\/monterm.pl\/sklep\/wp-content\/uploads\/2019\/09\/logo.png","width":420,"height":109,"caption":"MONTERM Sklep"},"image":{"@id":"https:\/\/monterm.pl\/sklep\/#\/schema\/logo\/image\/"}}]}},"_links":{"self":[{"href":"https:\/\/monterm.pl\/sklep\/wp-json\/wp\/v2\/pages\/396"}],"collection":[{"href":"https:\/\/monterm.pl\/sklep\/wp-json\/wp\/v2\/pages"}],"about":[{"href":"https:\/\/monterm.pl\/sklep\/wp-json\/wp\/v2\/types\/page"}],"author":[{"embeddable":true,"href":"https:\/\/monterm.pl\/sklep\/wp-json\/wp\/v2\/users\/1"}],"replies":[{"embeddable":true,"href":"https:\/\/monterm.pl\/sklep\/wp-json\/wp\/v2\/comments?post=396"}],"version-history":[{"count":10,"href":"https:\/\/monterm.pl\/sklep\/wp-json\/wp\/v2\/pages\/396\/revisions"}],"predecessor-version":[{"id":6035,"href":"https:\/\/monterm.pl\/sklep\/wp-json\/wp\/v2\/pages\/396\/revisions\/6035"}],"wp:attachment":[{"href":"https:\/\/monterm.pl\/sklep\/wp-json\/wp\/v2\/media?parent=396"}],"curies":[{"name":"wp","href":"https:\/\/api.w.org\/{rel}","templated":true}]}}