{"id":84,"date":"2019-09-03T13:31:51","date_gmt":"2019-09-03T11:31:51","guid":{"rendered":"https:\/\/oceanwp.org\/store\/product\/slim-sweater\/"},"modified":"2023-12-19T14:14:57","modified_gmt":"2023-12-19T13:14:57","slug":"grzejni-stalowy-alatus-c22-600x1000","status":"publish","type":"product","link":"https:\/\/monterm.pl\/sklep\/produkt\/grzejni-stalowy-alatus-c22-600x1000\/","title":{"rendered":"Grzejni stalowy ALATUS C22 600&#215;1000"},"content":{"rendered":"<p>Polskie grzejniki ALATUS przeznaczone s\u0105 do ogrzewania pomieszcze\u0144 mieszkalnych, u\u017cyteczno\u015bci publicznej i us\u0142ugowych o normalnej wilgotno\u015bci powietrza, w kt\u00f3rych nie wyst\u0119puje oddzia\u0142ywanie \u015brodk\u00f3w korozyjnych.<\/p>\n<p>Materia\u0142 : Stal niskow\u0119glowa, walcowana na zimno wg normy PN-EN 442-1.<br \/>\nMaksymalna temperatura wody: 95 stopni C.<br \/>\nMaksymalne ci\u015bnienie: 1,0 MPa.<\/p>\n<p>Zastosowanie NANOCERAMIKI Bonderite NT-1 firmy Henkel w procesie przygotowania powierzchni w znacz\u0105cy spos\u00f3b poprawia, dzi\u0119ki zastosowaniu nanocz\u0105steczek &#8211; jako\u015b\u0107 powierzchni. Wi\u0105\u017ce si\u0119 to z popraw\u0105 przyczepno\u015bci farby oraz zwi\u0119kszeniu odporno\u015bci antykorozyjnej w wyniku wytworzenia cienkiej, zwartej oraz r\u00f3wnomiernej nieorganicznej pow\u0142oki, kt\u00f3ra jest bardziej odporna na p\u0119kanie i \u0142uszczenie w stosunku do pow\u0142ok fosforanowych.<\/p>\n<p>Gwarancja 10 lat <\/p>\n<p>W zestawie z uchwytami, korkiem i odpowietrznikiem<\/p>\n","protected":false},"excerpt":{"rendered":"<p>Grzejnik dwup\u0142ytowy panelowy, stalowy, zasilany bocznie<\/p>\n","protected":false},"featured_media":765,"comment_status":"open","ping_status":"closed","template":"","meta":[],"product_cat":[15,52],"product_tag":[],"yoast_head":"<!-- This site is optimized with the Yoast SEO plugin v19.14 - https:\/\/yoast.com\/wordpress\/plugins\/seo\/ -->\n<title>Grzejni stalowy ALATUS C22 600x1000 - MONTERM Sklep<\/title>\n<meta name=\"robots\" content=\"index, follow, max-snippet:-1, max-image-preview:large, max-video-preview:-1\" \/>\n<link rel=\"canonical\" href=\"https:\/\/monterm.pl\/sklep\/produkt\/grzejni-stalowy-alatus-c22-600x1000\/\" \/>\n<meta property=\"og:locale\" content=\"pl_PL\" \/>\n<meta property=\"og:type\" content=\"article\" \/>\n<meta property=\"og:title\" content=\"Grzejni stalowy ALATUS C22 600x1000 - MONTERM Sklep\" \/>\n<meta property=\"og:description\" content=\"Grzejnik dwup\u0142ytowy panelowy, stalowy, zasilany bocznie\" \/>\n<meta property=\"og:url\" content=\"https:\/\/monterm.pl\/sklep\/produkt\/grzejni-stalowy-alatus-c22-600x1000\/\" \/>\n<meta property=\"og:site_name\" content=\"MONTERM Sklep\" \/>\n<meta property=\"article:modified_time\" content=\"2023-12-19T13:14:57+00:00\" \/>\n<meta property=\"og:image\" content=\"https:\/\/monterm.pl\/sklep\/wp-content\/uploads\/2016\/04\/prom3_pro.jpg\" \/>\n\t<meta property=\"og:image:width\" content=\"1200\" \/>\n\t<meta property=\"og:image:height\" content=\"1200\" \/>\n\t<meta property=\"og:image:type\" content=\"image\/jpeg\" \/>\n<meta name=\"twitter:card\" content=\"summary_large_image\" \/>\n<meta name=\"twitter:label1\" content=\"Szacowany czas czytania\" \/>\n\t<meta name=\"twitter:data1\" content=\"1 minuta\" \/>\n<script type=\"application\/ld+json\" class=\"yoast-schema-graph\">{\"@context\":\"https:\/\/schema.org\",\"@graph\":[{\"@type\":\"WebPage\",\"@id\":\"https:\/\/monterm.pl\/sklep\/produkt\/grzejni-stalowy-alatus-c22-600x1000\/\",\"url\":\"https:\/\/monterm.pl\/sklep\/produkt\/grzejni-stalowy-alatus-c22-600x1000\/\",\"name\":\"Grzejni stalowy ALATUS C22 600x1000 - MONTERM Sklep\",\"isPartOf\":{\"@id\":\"https:\/\/monterm.pl\/sklep\/#website\"},\"datePublished\":\"2019-09-03T11:31:51+00:00\",\"dateModified\":\"2023-12-19T13:14:57+00:00\",\"breadcrumb\":{\"@id\":\"https:\/\/monterm.pl\/sklep\/produkt\/grzejni-stalowy-alatus-c22-600x1000\/#breadcrumb\"},\"inLanguage\":\"pl-PL\",\"potentialAction\":[{\"@type\":\"ReadAction\",\"target\":[\"https:\/\/monterm.pl\/sklep\/produkt\/grzejni-stalowy-alatus-c22-600x1000\/\"]}]},{\"@type\":\"BreadcrumbList\",\"@id\":\"https:\/\/monterm.pl\/sklep\/produkt\/grzejni-stalowy-alatus-c22-600x1000\/#breadcrumb\",\"itemListElement\":[{\"@type\":\"ListItem\",\"position\":1,\"name\":\"Strona g\u0142\u00f3wna\",\"item\":\"https:\/\/monterm.pl\/sklep\/\"},{\"@type\":\"ListItem\",\"position\":2,\"name\":\"Sklep online\",\"item\":\"https:\/\/monterm.pl\/sklep\/sklep-online\/\"},{\"@type\":\"ListItem\",\"position\":3,\"name\":\"Grzejni stalowy ALATUS C22 600&#215;1000\"}]},{\"@type\":\"WebSite\",\"@id\":\"https:\/\/monterm.pl\/sklep\/#website\",\"url\":\"https:\/\/monterm.pl\/sklep\/\",\"name\":\"MONTERM Sklep\",\"description\":\"Technika grzewcza i sanitarna\",\"publisher\":{\"@id\":\"https:\/\/monterm.pl\/sklep\/#organization\"},\"potentialAction\":[{\"@type\":\"SearchAction\",\"target\":{\"@type\":\"EntryPoint\",\"urlTemplate\":\"https:\/\/monterm.pl\/sklep\/?s={search_term_string}\"},\"query-input\":\"required name=search_term_string\"}],\"inLanguage\":\"pl-PL\"},{\"@type\":\"Organization\",\"@id\":\"https:\/\/monterm.pl\/sklep\/#organization\",\"name\":\"MONTERM Sklep\",\"url\":\"https:\/\/monterm.pl\/sklep\/\",\"logo\":{\"@type\":\"ImageObject\",\"inLanguage\":\"pl-PL\",\"@id\":\"https:\/\/monterm.pl\/sklep\/#\/schema\/logo\/image\/\",\"url\":\"https:\/\/monterm.pl\/sklep\/wp-content\/uploads\/2019\/09\/logo.png\",\"contentUrl\":\"https:\/\/monterm.pl\/sklep\/wp-content\/uploads\/2019\/09\/logo.png\",\"width\":420,\"height\":109,\"caption\":\"MONTERM Sklep\"},\"image\":{\"@id\":\"https:\/\/monterm.pl\/sklep\/#\/schema\/logo\/image\/\"}}]}<\/script>\n<!-- \/ Yoast SEO plugin. -->","yoast_head_json":{"title":"Grzejni stalowy ALATUS C22 600x1000 - MONTERM Sklep","robots":{"index":"index","follow":"follow","max-snippet":"max-snippet:-1","max-image-preview":"max-image-preview:large","max-video-preview":"max-video-preview:-1"},"canonical":"https:\/\/monterm.pl\/sklep\/produkt\/grzejni-stalowy-alatus-c22-600x1000\/","og_locale":"pl_PL","og_type":"article","og_title":"Grzejni stalowy ALATUS C22 600x1000 - MONTERM Sklep","og_description":"Grzejnik dwup\u0142ytowy panelowy, stalowy, zasilany bocznie","og_url":"https:\/\/monterm.pl\/sklep\/produkt\/grzejni-stalowy-alatus-c22-600x1000\/","og_site_name":"MONTERM Sklep","article_modified_time":"2023-12-19T13:14:57+00:00","og_image":[{"width":1200,"height":1200,"url":"https:\/\/monterm.pl\/sklep\/wp-content\/uploads\/2016\/04\/prom3_pro.jpg","type":"image\/jpeg"}],"twitter_card":"summary_large_image","twitter_misc":{"Szacowany czas czytania":"1 minuta"},"schema":{"@context":"https:\/\/schema.org","@graph":[{"@type":"WebPage","@id":"https:\/\/monterm.pl\/sklep\/produkt\/grzejni-stalowy-alatus-c22-600x1000\/","url":"https:\/\/monterm.pl\/sklep\/produkt\/grzejni-stalowy-alatus-c22-600x1000\/","name":"Grzejni stalowy ALATUS C22 600x1000 - MONTERM Sklep","isPartOf":{"@id":"https:\/\/monterm.pl\/sklep\/#website"},"datePublished":"2019-09-03T11:31:51+00:00","dateModified":"2023-12-19T13:14:57+00:00","breadcrumb":{"@id":"https:\/\/monterm.pl\/sklep\/produkt\/grzejni-stalowy-alatus-c22-600x1000\/#breadcrumb"},"inLanguage":"pl-PL","potentialAction":[{"@type":"ReadAction","target":["https:\/\/monterm.pl\/sklep\/produkt\/grzejni-stalowy-alatus-c22-600x1000\/"]}]},{"@type":"BreadcrumbList","@id":"https:\/\/monterm.pl\/sklep\/produkt\/grzejni-stalowy-alatus-c22-600x1000\/#breadcrumb","itemListElement":[{"@type":"ListItem","position":1,"name":"Strona g\u0142\u00f3wna","item":"https:\/\/monterm.pl\/sklep\/"},{"@type":"ListItem","position":2,"name":"Sklep online","item":"https:\/\/monterm.pl\/sklep\/sklep-online\/"},{"@type":"ListItem","position":3,"name":"Grzejni stalowy ALATUS C22 600&#215;1000"}]},{"@type":"WebSite","@id":"https:\/\/monterm.pl\/sklep\/#website","url":"https:\/\/monterm.pl\/sklep\/","name":"MONTERM Sklep","description":"Technika grzewcza i sanitarna","publisher":{"@id":"https:\/\/monterm.pl\/sklep\/#organization"},"potentialAction":[{"@type":"SearchAction","target":{"@type":"EntryPoint","urlTemplate":"https:\/\/monterm.pl\/sklep\/?s={search_term_string}"},"query-input":"required name=search_term_string"}],"inLanguage":"pl-PL"},{"@type":"Organization","@id":"https:\/\/monterm.pl\/sklep\/#organization","name":"MONTERM Sklep","url":"https:\/\/monterm.pl\/sklep\/","logo":{"@type":"ImageObject","inLanguage":"pl-PL","@id":"https:\/\/monterm.pl\/sklep\/#\/schema\/logo\/image\/","url":"https:\/\/monterm.pl\/sklep\/wp-content\/uploads\/2019\/09\/logo.png","contentUrl":"https:\/\/monterm.pl\/sklep\/wp-content\/uploads\/2019\/09\/logo.png","width":420,"height":109,"caption":"MONTERM Sklep"},"image":{"@id":"https:\/\/monterm.pl\/sklep\/#\/schema\/logo\/image\/"}}]}},"_links":{"self":[{"href":"https:\/\/monterm.pl\/sklep\/wp-json\/wp\/v2\/product\/84"}],"collection":[{"href":"https:\/\/monterm.pl\/sklep\/wp-json\/wp\/v2\/product"}],"about":[{"href":"https:\/\/monterm.pl\/sklep\/wp-json\/wp\/v2\/types\/product"}],"replies":[{"embeddable":true,"href":"https:\/\/monterm.pl\/sklep\/wp-json\/wp\/v2\/comments?post=84"}],"wp:featuredmedia":[{"embeddable":true,"href":"https:\/\/monterm.pl\/sklep\/wp-json\/wp\/v2\/media\/765"}],"wp:attachment":[{"href":"https:\/\/monterm.pl\/sklep\/wp-json\/wp\/v2\/media?parent=84"}],"wp:term":[{"taxonomy":"product_cat","embeddable":true,"href":"https:\/\/monterm.pl\/sklep\/wp-json\/wp\/v2\/product_cat?post=84"},{"taxonomy":"product_tag","embeddable":true,"href":"https:\/\/monterm.pl\/sklep\/wp-json\/wp\/v2\/product_tag?post=84"}],"curies":[{"name":"wp","href":"https:\/\/api.w.org\/{rel}","templated":true}]}}